{"id":2,"date":"2021-06-20T17:01:47","date_gmt":"2021-06-20T15:01:47","guid":{"rendered":"https:\/\/media.dandyscope.com\/?page_id=2"},"modified":"2021-06-21T10:43:25","modified_gmt":"2021-06-21T08:43:25","slug":"mentions-legales","status":"publish","type":"page","link":"https:\/\/media.dandyscope.com\/index.php\/mentions-legales\/","title":{"rendered":"Mentions l\u00e9gales"},"content":{"rendered":"\n<p>Fondateur &amp; Responsable de Publication : Sid Ahmed Hadjouti<\/p>\n\n\n\n<p>N\u00ba. SIRET \/51417546200027<\/p>\n\n\n\n<p>Pour toute demande, veuillez me contacter \u00e0 photo@dandyscope.com<br>Le site Media.dandyscope.com est h\u00e9berg\u00e9 par la soci\u00e9t\u00e9 Amen \u00e0 l\u2019adresse\u00a0:<br>12-14, Rond Point des Champs \u00c9lys\u00e9es 75008 Paris<br>France<\/p>\n\n\n\n<p><\/p>\n","protected":false},"excerpt":{"rendered":"<p>Fondateur &amp; Responsable de Publication : Sid Ahmed Hadjouti N\u00ba. SIRET \/51417546200027 Pour toute demande, veuillez me contacter \u00e0 photo@dandyscope.comLe site Media.dandyscope.com est h\u00e9berg\u00e9 par la soci\u00e9t\u00e9 Amen \u00e0 l\u2019adresse\u00a0:12-14, Rond Point des Champs \u00c9lys\u00e9es 75008 ParisFrance<\/p>\n","protected":false},"author":1,"featured_media":0,"parent":0,"menu_order":0,"comment_status":"closed","ping_status":"open","template":"","meta":{"om_disable_all_campaigns":false,"_monsterinsights_skip_tracking":false,"_monsterinsights_sitenote_active":false,"_monsterinsights_sitenote_note":"","_monsterinsights_sitenote_category":0,"footnotes":""},"class_list":["post-2","page","type-page","status-publish","hentry"],"_links":{"self":[{"href":"https:\/\/media.dandyscope.com\/index.php\/wp-json\/wp\/v2\/pages\/2","targetHints":{"allow":["GET"]}}],"collection":[{"href":"https:\/\/media.dandyscope.com\/index.php\/wp-json\/wp\/v2\/pages"}],"about":[{"href":"https:\/\/media.dandyscope.com\/index.php\/wp-json\/wp\/v2\/types\/page"}],"author":[{"embeddable":true,"href":"https:\/\/media.dandyscope.com\/index.php\/wp-json\/wp\/v2\/users\/1"}],"replies":[{"embeddable":true,"href":"https:\/\/media.dandyscope.com\/index.php\/wp-json\/wp\/v2\/comments?post=2"}],"version-history":[{"count":2,"href":"https:\/\/media.dandyscope.com\/index.php\/wp-json\/wp\/v2\/pages\/2\/revisions"}],"predecessor-version":[{"id":33,"href":"https:\/\/media.dandyscope.com\/index.php\/wp-json\/wp\/v2\/pages\/2\/revisions\/33"}],"wp:attachment":[{"href":"https:\/\/media.dandyscope.com\/index.php\/wp-json\/wp\/v2\/media?parent=2"}],"curies":[{"name":"wp","href":"https:\/\/api.w.org\/{rel}","templated":true}]}}